{"id":2,"date":"2019-03-15T11:28:38","date_gmt":"2019-03-15T10:28:38","guid":{"rendered":"https:\/\/sites.cemea.org\/res\/?page_id=2"},"modified":"2022-12-20T16:25:17","modified_gmt":"2022-12-20T15:25:17","slug":"page-d-exemple","status":"publish","type":"page","link":"https:\/\/sites.cemea.org\/res\/","title":{"rendered":"Bienvenue !"},"content":{"rendered":"\n<p>Du 12 au 15 d\u00e9cembre 2018, se sont tenues les Rencontres Europ\u00e9ennes du Social. Cet \u00e9v\u00e9nement construit \u00e0 l&rsquo;initiative des Cem\u00e9a France, de la Ficem\u00e9a, des Cem\u00e9a de Belgique et de Solidar, s&rsquo;est d\u00e9roul\u00e9 au Cnam, en pr\u00e9sence de Marcel Jaeger, Grand t\u00e9moin de ces rencontres. Ce blog a \u00e9t\u00e9 cr\u00e9\u00e9 pour partager la richesse de ce qui a \u00e9t\u00e9 v\u00e9cu au cours de ces 4 jours. Tables rondes, conf\u00e9rences, ateliers de partage d&rsquo;exp\u00e9riences ont \u00e9t\u00e9 organis\u00e9s, pour d\u00e9battre autour de probl\u00e9matiques sociales. <\/p>\n\n\n\n<p>Mais depuis, nous avons continu\u00e9 \u00e0 mener des projets qui nourrissent notre r\u00e9flexion. Ce blog se veut le lieu o\u00f9 nous laissons des traces de celle-ci.<\/p>\n\n\n\n<p>Vous retrouverez par exemple, des \u00e9l\u00e9ments relatifs \u00e0 la visite d&rsquo;\u00e9tude Erasmus, organis\u00e9e par le secteur Social des Cem\u00e9a France, en d\u00e9cembre 2019 \u00e0 Florence&#8230; ce f\u00fbt pour les participant.es, une belle mani\u00e8re de poursuivre ce travail de r\u00e9flexion. Nous allons \u00e9galement publier des articles sur <strong>la nouvelle visite d&rsquo;\u00e9tude qui vient d&rsquo;avoir lieu du 12 au 16 d\u00e9cembre 2022 \u00e0 Li\u00e8ge.<\/strong> <\/p>\n\n\n\n<p><\/p>\n\n\n\n<p>Au fil des mois, ce blog continuera de s&rsquo;\u00e9toffer !!<\/p>\n\n\n\n<p>Bonne d\u00e9couverte!<\/p>\n\n\n\n<p><\/p>\n\n\n\n<p><\/p>\n","protected":false},"excerpt":{"rendered":"<p class=\"post-excerpt\">Du 12 au 15 d\u00e9cembre 2018, se sont tenues les Rencontres Europ\u00e9ennes du Social. Cet \u00e9v\u00e9nement construit \u00e0 l&rsquo;initiative des&#8230;<\/p>\n","protected":false},"author":8,"featured_media":108,"parent":0,"menu_order":0,"comment_status":"closed","ping_status":"open","template":"","meta":{"footnotes":""},"class_list":["post-2","page","type-page","status-publish","has-post-thumbnail","hentry"],"_links":{"self":[{"href":"https:\/\/sites.cemea.org\/res\/wp-json\/wp\/v2\/pages\/2","targetHints":{"allow":["GET"]}}],"collection":[{"href":"https:\/\/sites.cemea.org\/res\/wp-json\/wp\/v2\/pages"}],"about":[{"href":"https:\/\/sites.cemea.org\/res\/wp-json\/wp\/v2\/types\/page"}],"author":[{"embeddable":true,"href":"https:\/\/sites.cemea.org\/res\/wp-json\/wp\/v2\/users\/8"}],"replies":[{"embeddable":true,"href":"https:\/\/sites.cemea.org\/res\/wp-json\/wp\/v2\/comments?post=2"}],"version-history":[{"count":12,"href":"https:\/\/sites.cemea.org\/res\/wp-json\/wp\/v2\/pages\/2\/revisions"}],"predecessor-version":[{"id":744,"href":"https:\/\/sites.cemea.org\/res\/wp-json\/wp\/v2\/pages\/2\/revisions\/744"}],"wp:featuredmedia":[{"embeddable":true,"href":"https:\/\/sites.cemea.org\/res\/wp-json\/wp\/v2\/media\/108"}],"wp:attachment":[{"href":"https:\/\/sites.cemea.org\/res\/wp-json\/wp\/v2\/media?parent=2"}],"curies":[{"name":"wp","href":"https:\/\/api.w.org\/{rel}","templated":true}]}}